{"id":11,"date":"2024-11-21T17:20:47","date_gmt":"2024-11-21T17:20:47","guid":{"rendered":"https:\/\/www.drdilmac.com\/en\/?page_id=11"},"modified":"2025-01-11T19:59:48","modified_gmt":"2025-01-11T19:59:48","slug":"terms","status":"publish","type":"page","link":"https:\/\/www.drdilmac.com\/en\/terms\/","title":{"rendered":"Terms of Service &#038; Distance Sales Agreement"},"content":{"rendered":"<p><strong>PRELIMINARY INFORMATION FORM<\/strong><\/p><ol class=\"wp-block-list\"><li><strong>SUBJECT<\/strong><\/li><\/ol><p>The subject of this Distance Sales Agreement Preliminary Information Form is to define the rights and obligations of the parties regarding the sale and delivery of the product(s) listed below, which are sold by the SELLER to the ORDERER\/BUYER, in accordance with the provisions of the Law on Consumer Protection No. 6502 and the Distance Contracts Regulation (Official Gazette: 27.11.2014\/29188). By accepting this preliminary information form, the BUYER acknowledges that they are under the obligation to pay the order price and any additional fees (e.g., shipping, taxes) when confirming the order.<\/p><ol start=\"2\" class=\"wp-block-list\"><li><strong>SELLER INFORMATION<\/strong><\/li><\/ol><p>Company Name: Aslina Health Services Limited Company<br>Address: \u015eeyhhamit Mah. 27 \/ 2 Nolu Mithat G\u00fcrsoy Cad. No: 20 B \u0130\u00e7 Kap\u0131 No: 3 Merkez \/ AKSARAY<br>Phone: 0534 930 0444<br>Email: <a>info@drdilmac.com<\/a><\/p><ol start=\"3\" class=\"wp-block-list\"><li><strong>PRODUCT(S) INFORMATION<\/strong><\/li><\/ol><p>3.1 The basic features (type, quantity, brand\/model, color, quantity) of the product(s)\/service(s) are available on the SELLER&#8217;s website. You can review the product details during the campaign period.<br>3.2 The prices listed on the website are the sale prices. The prices and offers are valid until updated or changed. The advertised price is valid for the specified period.<\/p><ol start=\"4\" class=\"wp-block-list\"><li><strong>GENERAL TERMS<\/strong><\/li><\/ol><p>4.1 The BUYER confirms, declares, and undertakes that they have read and understood the basic features of the product, the sale price, and payment method, and delivery information available on the SELLER&#8217;s website.<br>4.2 The product will be delivered within the specified period on the website, not exceeding 30 days, depending on the distance from the BUYER&#8217;s residence.<br>4.3 The SELLER agrees to deliver the product free of defects and in compliance with the specified order and relevant regulations.<br>4.4 If the SELLER cannot fulfill the contract obligations, they will notify the BUYER within 3 days and refund the total amount within 14 days.<br>4.5 The BUYER will inform the SELLER electronically for any cancellations or non-payment of the product.<\/p><ol start=\"5\" class=\"wp-block-list\"><li><strong>RIGHT OF WITHDRAWAL<\/strong><\/li><\/ol><p>5.1 The BUYER may use the right of withdrawal within 14 days of the product&#8217;s delivery, without any legal or financial responsibility, and without giving any reason, by informing the SELLER.<br>5.2 To exercise the right of withdrawal, the BUYER must notify the SELLER in writing within 14 days via registered mail, fax, or email and return the product in its original condition.<\/p><ol start=\"6\" class=\"wp-block-list\"><li><strong>PRODUCTS THAT CANNOT BE RETURNED<\/strong><\/li><\/ol><p>The right of withdrawal does not apply to products that are:<\/p><ul class=\"wp-block-list\"><li>Prone to deterioration or expiration.<\/li>\n\n<li>Products whose protective packaging (e.g., seals, bands) has been opened after delivery.<\/li>\n\n<li>Customized or personal use products.<\/li><\/ul><p>For cosmetic and personal care items, clothing, swimsuits, books, software, etc., the return is only possible if the packaging is unopened, unused, and undamaged.<\/p>","protected":false},"excerpt":{"rendered":"<p>PRELIMINARY INFORMATION FORM The subject of this Distance Sales Agreement Preliminary Information Form is to define the rights and obligations [&hellip;]<\/p>\n","protected":false},"author":1,"featured_media":0,"parent":0,"menu_order":0,"comment_status":"closed","ping_status":"closed","template":"","meta":{"site-sidebar-layout":"default","site-content-layout":"","ast-site-content-layout":"","site-content-style":"default","site-sidebar-style":"default","ast-global-header-display":"","ast-banner-title-visibility":"","ast-main-header-display":"","ast-hfb-above-header-display":"","ast-hfb-below-header-display":"","ast-hfb-mobile-header-display":"","site-post-title":"","ast-breadcrumbs-content":"","ast-featured-img":"","footer-sml-layout":"","theme-transparent-header-meta":"","adv-header-id-meta":"","stick-header-meta":"","header-above-stick-meta":"","header-main-stick-meta":"","header-below-stick-meta":"","astra-migrate-meta-layouts":"default","ast-page-background-enabled":"default","ast-page-background-meta":{"desktop":{"background-color":"var(--ast-global-color-4)","background-image":"","background-repeat":"repeat","background-position":"center center","background-size":"auto","background-attachment":"scroll","background-type":"","background-media":"","overlay-type":"","overlay-color":"","overlay-opacity":"","overlay-gradient":""},"tablet":{"background-color":"","background-image":"","background-repeat":"repeat","background-position":"center center","background-size":"auto","background-attachment":"scroll","background-type":"","background-media":"","overlay-type":"","overlay-color":"","overlay-opacity":"","overlay-gradient":""},"mobile":{"background-color":"","background-image":"","background-repeat":"repeat","background-position":"center center","background-size":"auto","background-attachment":"scroll","background-type":"","background-media":"","overlay-type":"","overlay-color":"","overlay-opacity":"","overlay-gradient":""}},"ast-content-background-meta":{"desktop":{"background-color":"var(--ast-global-color-5)","background-image":"","background-repeat":"repeat","background-position":"center center","background-size":"auto","background-attachment":"scroll","background-type":"","background-media":"","overlay-type":"","overlay-color":"","overlay-opacity":"","overlay-gradient":""},"tablet":{"background-color":"var(--ast-global-color-5)","background-image":"","background-repeat":"repeat","background-position":"center center","background-size":"auto","background-attachment":"scroll","background-type":"","background-media":"","overlay-type":"","overlay-color":"","overlay-opacity":"","overlay-gradient":""},"mobile":{"background-color":"var(--ast-global-color-5)","background-image":"","background-repeat":"repeat","background-position":"center center","background-size":"auto","background-attachment":"scroll","background-type":"","background-media":"","overlay-type":"","overlay-color":"","overlay-opacity":"","overlay-gradient":""}},"footnotes":""},"class_list":["post-11","page","type-page","status-publish","hentry"],"yoast_head":"<!-- This site is optimized with the Yoast SEO plugin v23.9 - https:\/\/yoast.com\/wordpress\/plugins\/seo\/ -->\n<title>Terms of Service &amp; Distance Sales Agreement - DrDilmac<\/title>\n<meta name=\"robots\" content=\"index, follow, max-snippet:-1, max-image-preview:large, max-video-preview:-1\" \/>\n<link rel=\"canonical\" href=\"https:\/\/www.drdilmac.com\/en\/terms\/\" \/>\n<meta property=\"og:locale\" content=\"en_US\" \/>\n<meta property=\"og:type\" content=\"article\" \/>\n<meta property=\"og:title\" content=\"Terms of Service &amp; Distance Sales Agreement - DrDilmac\" \/>\n<meta property=\"og:description\" content=\"PRELIMINARY INFORMATION FORM The subject of this Distance Sales Agreement Preliminary Information Form is to define the rights and obligations [&hellip;]\" \/>\n<meta property=\"og:url\" content=\"https:\/\/www.drdilmac.com\/en\/terms\/\" \/>\n<meta property=\"og:site_name\" content=\"DrDilmac\" \/>\n<meta property=\"article:modified_time\" content=\"2025-01-11T19:59:48+00:00\" \/>\n<meta name=\"twitter:card\" content=\"summary_large_image\" \/>\n<meta name=\"twitter:label1\" content=\"Est. reading time\" \/>\n\t<meta name=\"twitter:data1\" content=\"2 minutes\" \/>\n<script type=\"application\/ld+json\" class=\"yoast-schema-graph\">{\"@context\":\"https:\/\/schema.org\",\"@graph\":[{\"@type\":\"WebPage\",\"@id\":\"https:\/\/www.drdilmac.com\/en\/terms\/\",\"url\":\"https:\/\/www.drdilmac.com\/en\/terms\/\",\"name\":\"Terms of Service & Distance Sales Agreement - DrDilmac\",\"isPartOf\":{\"@id\":\"https:\/\/www.drdilmac.com\/en\/#website\"},\"datePublished\":\"2024-11-21T17:20:47+00:00\",\"dateModified\":\"2025-01-11T19:59:48+00:00\",\"breadcrumb\":{\"@id\":\"https:\/\/www.drdilmac.com\/en\/terms\/#breadcrumb\"},\"inLanguage\":\"en-US\",\"potentialAction\":[{\"@type\":\"ReadAction\",\"target\":[\"https:\/\/www.drdilmac.com\/en\/terms\/\"]}]},{\"@type\":\"BreadcrumbList\",\"@id\":\"https:\/\/www.drdilmac.com\/en\/terms\/#breadcrumb\",\"itemListElement\":[{\"@type\":\"ListItem\",\"position\":1,\"name\":\"Anasayfa\",\"item\":\"https:\/\/www.drdilmac.com\/en\/\"},{\"@type\":\"ListItem\",\"position\":2,\"name\":\"Terms of Service &#038; Distance Sales Agreement\"}]},{\"@type\":\"WebSite\",\"@id\":\"https:\/\/www.drdilmac.com\/en\/#website\",\"url\":\"https:\/\/www.drdilmac.com\/en\/\",\"name\":\"DrDilmac Pine Cone Extract - Cough Syrup\",\"description\":\"Herbal Extracts\",\"publisher\":{\"@id\":\"https:\/\/www.drdilmac.com\/en\/#organization\"},\"potentialAction\":[{\"@type\":\"SearchAction\",\"target\":{\"@type\":\"EntryPoint\",\"urlTemplate\":\"https:\/\/www.drdilmac.com\/en\/?s={search_term_string}\"},\"query-input\":{\"@type\":\"PropertyValueSpecification\",\"valueRequired\":true,\"valueName\":\"search_term_string\"}}],\"inLanguage\":\"en-US\"},{\"@type\":\"Organization\",\"@id\":\"https:\/\/www.drdilmac.com\/en\/#organization\",\"name\":\"DrDilmac\",\"url\":\"https:\/\/www.drdilmac.com\/en\/\",\"logo\":{\"@type\":\"ImageObject\",\"inLanguage\":\"en-US\",\"@id\":\"https:\/\/www.drdilmac.com\/en\/#\/schema\/logo\/image\/\",\"url\":\"https:\/\/www.drdilmac.com\/en\/wp-content\/uploads\/2024\/10\/cropped-39deea1c-2f25-4aab-bcec-67ac26bc60a5-1.png\",\"contentUrl\":\"https:\/\/www.drdilmac.com\/en\/wp-content\/uploads\/2024\/10\/cropped-39deea1c-2f25-4aab-bcec-67ac26bc60a5-1.png\",\"width\":1191,\"height\":397,\"caption\":\"DrDilmac\"},\"image\":{\"@id\":\"https:\/\/www.drdilmac.com\/en\/#\/schema\/logo\/image\/\"}}]}<\/script>\n<!-- \/ Yoast SEO plugin. -->","yoast_head_json":{"title":"Terms of Service & Distance Sales Agreement - DrDilmac","robots":{"index":"index","follow":"follow","max-snippet":"max-snippet:-1","max-image-preview":"max-image-preview:large","max-video-preview":"max-video-preview:-1"},"canonical":"https:\/\/www.drdilmac.com\/en\/terms\/","og_locale":"en_US","og_type":"article","og_title":"Terms of Service & Distance Sales Agreement - DrDilmac","og_description":"PRELIMINARY INFORMATION FORM The subject of this Distance Sales Agreement Preliminary Information Form is to define the rights and obligations [&hellip;]","og_url":"https:\/\/www.drdilmac.com\/en\/terms\/","og_site_name":"DrDilmac","article_modified_time":"2025-01-11T19:59:48+00:00","twitter_card":"summary_large_image","twitter_misc":{"Est. reading time":"2 minutes"},"schema":{"@context":"https:\/\/schema.org","@graph":[{"@type":"WebPage","@id":"https:\/\/www.drdilmac.com\/en\/terms\/","url":"https:\/\/www.drdilmac.com\/en\/terms\/","name":"Terms of Service & Distance Sales Agreement - DrDilmac","isPartOf":{"@id":"https:\/\/www.drdilmac.com\/en\/#website"},"datePublished":"2024-11-21T17:20:47+00:00","dateModified":"2025-01-11T19:59:48+00:00","breadcrumb":{"@id":"https:\/\/www.drdilmac.com\/en\/terms\/#breadcrumb"},"inLanguage":"en-US","potentialAction":[{"@type":"ReadAction","target":["https:\/\/www.drdilmac.com\/en\/terms\/"]}]},{"@type":"BreadcrumbList","@id":"https:\/\/www.drdilmac.com\/en\/terms\/#breadcrumb","itemListElement":[{"@type":"ListItem","position":1,"name":"Anasayfa","item":"https:\/\/www.drdilmac.com\/en\/"},{"@type":"ListItem","position":2,"name":"Terms of Service &#038; Distance Sales Agreement"}]},{"@type":"WebSite","@id":"https:\/\/www.drdilmac.com\/en\/#website","url":"https:\/\/www.drdilmac.com\/en\/","name":"DrDilmac Pine Cone Extract - Cough Syrup","description":"Herbal Extracts","publisher":{"@id":"https:\/\/www.drdilmac.com\/en\/#organization"},"potentialAction":[{"@type":"SearchAction","target":{"@type":"EntryPoint","urlTemplate":"https:\/\/www.drdilmac.com\/en\/?s={search_term_string}"},"query-input":{"@type":"PropertyValueSpecification","valueRequired":true,"valueName":"search_term_string"}}],"inLanguage":"en-US"},{"@type":"Organization","@id":"https:\/\/www.drdilmac.com\/en\/#organization","name":"DrDilmac","url":"https:\/\/www.drdilmac.com\/en\/","logo":{"@type":"ImageObject","inLanguage":"en-US","@id":"https:\/\/www.drdilmac.com\/en\/#\/schema\/logo\/image\/","url":"https:\/\/www.drdilmac.com\/en\/wp-content\/uploads\/2024\/10\/cropped-39deea1c-2f25-4aab-bcec-67ac26bc60a5-1.png","contentUrl":"https:\/\/www.drdilmac.com\/en\/wp-content\/uploads\/2024\/10\/cropped-39deea1c-2f25-4aab-bcec-67ac26bc60a5-1.png","width":1191,"height":397,"caption":"DrDilmac"},"image":{"@id":"https:\/\/www.drdilmac.com\/en\/#\/schema\/logo\/image\/"}}]}},"_links":{"self":[{"href":"https:\/\/www.drdilmac.com\/en\/wp-json\/wp\/v2\/pages\/11","targetHints":{"allow":["GET"]}}],"collection":[{"href":"https:\/\/www.drdilmac.com\/en\/wp-json\/wp\/v2\/pages"}],"about":[{"href":"https:\/\/www.drdilmac.com\/en\/wp-json\/wp\/v2\/types\/page"}],"author":[{"embeddable":true,"href":"https:\/\/www.drdilmac.com\/en\/wp-json\/wp\/v2\/users\/1"}],"replies":[{"embeddable":true,"href":"https:\/\/www.drdilmac.com\/en\/wp-json\/wp\/v2\/comments?post=11"}],"version-history":[{"count":3,"href":"https:\/\/www.drdilmac.com\/en\/wp-json\/wp\/v2\/pages\/11\/revisions"}],"predecessor-version":[{"id":557,"href":"https:\/\/www.drdilmac.com\/en\/wp-json\/wp\/v2\/pages\/11\/revisions\/557"}],"wp:attachment":[{"href":"https:\/\/www.drdilmac.com\/en\/wp-json\/wp\/v2\/media?parent=11"}],"curies":[{"name":"wp","href":"https:\/\/api.w.org\/{rel}","templated":true}]}}